{"id":49,"date":"2022-07-05T13:36:33","date_gmt":"2022-07-05T13:36:33","guid":{"rendered":"http:\/\/193.93.251.205\/?page_id=49"},"modified":"2026-04-16T20:05:50","modified_gmt":"2026-04-16T20:05:50","slug":"elementor-49","status":"publish","type":"page","link":"https:\/\/kramforsmatstafett.se\/","title":{"rendered":""},"content":{"rendered":"\t\t<div data-elementor-type=\"wp-post\" data-elementor-id=\"49\" class=\"elementor elementor-49\">\n\t\t\t\t\t\t<section class=\"elementor-section elementor-top-section elementor-element elementor-element-98ee841 elementor-section-full_width elementor-section-height-default elementor-section-height-default\" data-id=\"98ee841\" data-element_type=\"section\">\n\t\t\t\t\t\t<div class=\"elementor-container elementor-column-gap-default\">\n\t\t\t\t\t<div class=\"elementor-column elementor-col-100 elementor-top-column elementor-element elementor-element-eb53f83\" data-id=\"eb53f83\" data-element_type=\"column\">\n\t\t\t<div class=\"elementor-widget-wrap elementor-element-populated\">\n\t\t\t\t\t\t<div class=\"elementor-element elementor-element-5fc3509 elementor-view-default elementor-position-top elementor-mobile-position-top elementor-widget elementor-widget-icon-box\" data-id=\"5fc3509\" data-element_type=\"widget\" data-widget_type=\"icon-box.default\">\n\t\t\t\t<div class=\"elementor-widget-container\">\n\t\t\t\t\t\t\t<div class=\"elementor-icon-box-wrapper\">\n\n\t\t\t\t\t\t<div class=\"elementor-icon-box-icon\">\n\t\t\t\t<span  class=\"elementor-icon\">\n\t\t\t\t<i aria-hidden=\"true\" class=\"far fa-calendar-alt\"><\/i>\t\t\t\t<\/span>\n\t\t\t<\/div>\n\t\t\t\n\t\t\t\t\t\t<div class=\"elementor-icon-box-content\">\n\n\t\t\t\t\t\t\t\t\t<h3 class=\"elementor-icon-box-title\">\n\t\t\t\t\t\t<span  >\n\t\t\t\t\t\t\t16 Maj \t\t\t\t\t\t<\/span>\n\t\t\t\t\t<\/h3>\n\t\t\t\t\n\t\t\t\t\t\t\t\t\t<p class=\"elementor-icon-box-description\">\n\t\t\t\t\t\tSista anm\u00e4lningsdag: 3 Maj\n\t\t\t\t\t<\/p>\n\t\t\t\t\n\t\t\t<\/div>\n\t\t\t\n\t\t<\/div>\n\t\t\t\t\t\t<\/div>\n\t\t\t\t<\/div>\n\t\t\t\t<div class=\"elementor-element elementor-element-84954ab elementor-view-default elementor-position-top elementor-mobile-position-top elementor-widget elementor-widget-icon-box\" data-id=\"84954ab\" data-element_type=\"widget\" data-widget_type=\"icon-box.default\">\n\t\t\t\t<div class=\"elementor-widget-container\">\n\t\t\t\t\t\t\t<div class=\"elementor-icon-box-wrapper\">\n\n\t\t\t\t\t\t<div class=\"elementor-icon-box-icon\">\n\t\t\t\t<span  class=\"elementor-icon\">\n\t\t\t\t<i aria-hidden=\"true\" class=\"far fa-money-bill-alt\"><\/i>\t\t\t\t<\/span>\n\t\t\t<\/div>\n\t\t\t\n\t\t\t\t\t\t<div class=\"elementor-icon-box-content\">\n\n\t\t\t\t\t\t\t\t\t<h3 class=\"elementor-icon-box-title\">\n\t\t\t\t\t\t<span  >\n\t\t\t\t\t\t\t400kr\/par\t\t\t\t\t\t<\/span>\n\t\t\t\t\t<\/h3>\n\t\t\t\t\n\t\t\t\t\n\t\t\t<\/div>\n\t\t\t\n\t\t<\/div>\n\t\t\t\t\t\t<\/div>\n\t\t\t\t<\/div>\n\t\t\t\t<div class=\"elementor-element elementor-element-029fc40 elementor-align-center e-transform elementor-invisible elementor-widget elementor-widget-button\" data-id=\"029fc40\" data-element_type=\"widget\" data-settings=\"{&quot;_animation&quot;:&quot;fadeInLeft&quot;,&quot;_animation_delay&quot;:100,&quot;_transform_rotateZ_effect_hover&quot;:{&quot;unit&quot;:&quot;px&quot;,&quot;size&quot;:2,&quot;sizes&quot;:[]},&quot;_transform_rotateZ_effect_hover_tablet&quot;:{&quot;unit&quot;:&quot;deg&quot;,&quot;size&quot;:&quot;&quot;,&quot;sizes&quot;:[]},&quot;_transform_rotateZ_effect_hover_mobile&quot;:{&quot;unit&quot;:&quot;deg&quot;,&quot;size&quot;:&quot;&quot;,&quot;sizes&quot;:[]}}\" data-widget_type=\"button.default\">\n\t\t\t\t<div class=\"elementor-widget-container\">\n\t\t\t\t\t\t\t\t\t<div class=\"elementor-button-wrapper\">\n\t\t\t\t\t<a class=\"elementor-button elementor-button-link elementor-size-xl\" href=\"https:\/\/forms.gle\/6DFy4RiBN5sqSTMJ8\">\n\t\t\t\t\t\t<span class=\"elementor-button-content-wrapper\">\n\t\t\t\t\t\t\t\t\t<span class=\"elementor-button-text\">Anm\u00e4l dig h\u00e4r!<\/span>\n\t\t\t\t\t<\/span>\n\t\t\t\t\t<\/a>\n\t\t\t\t<\/div>\n\t\t\t\t\t\t\t\t<\/div>\n\t\t\t\t<\/div>\n\t\t\t\t<div class=\"elementor-element elementor-element-cfd4337 elementor-widget elementor-widget-text-editor\" data-id=\"cfd4337\" data-element_type=\"widget\" data-widget_type=\"text-editor.default\">\n\t\t\t\t<div class=\"elementor-widget-container\">\n\t\t\t\t\t\t\t\t\t<h2><strong>Skjuts till och fr\u00e5n efterfest g\u00e5r att ordna. Kontakta: Karl Hellstr\u00f6m 070-2895087<\/strong><\/h2>\n<h2>Mat, gemenskap och gl\u00e4dje &#8211; v\u00e4lkommen till Kramfors matstafett!<\/h2>\n<p>Matstafetten \u00e4r ett arrangemang d\u00e4r du \u00e4ter f\u00f6rr\u00e4tt, varmr\u00e4tt och efterr\u00e4tt tillsammans med olika par som du kanske inte k\u00e4nner till p\u00e5 f\u00f6rhand.<\/p>\n<p>Det \u00e4r ett fantastiskt tillf\u00e4lle att tr\u00e4ffa nya m\u00e4nniskor och ha en riktigt rolig kv\u00e4ll.<\/p>\n<p>Anm\u00e4lan sker parvis men inneb\u00e4r n\u00f6dv\u00e4ndigtvis inte att ni \u00e4r ett par. Det g\u00e5r lika bra att anm\u00e4la sig med en v\u00e4n, familjemedlem eller kollega.<\/p>\n<p>Alla par f\u00e5r ansvar f\u00f6r en specifik r\u00e4tt, vilket<br>inneb\u00e4r att ni f\u00e5r n\u00f6jet \u00e4ta tv\u00e5 r\u00e4tter hos n\u00e5gra andra. Detta \u00e4r ingen<br>matlagningst\u00e4vling utan snarare en upplevelse som handlar om att ha roligt<br>tillsammans med nya m\u00e4nniskor.<\/p>\n<p style=\"margin-top: 0pt; margin-bottom: 0pt; margin-left: 0in; direction: ltr; unicode-bidi: embed; word-break: normal;\">\n<\/p>\t\t\t\t\t\t\t\t<\/div>\n\t\t\t\t<\/div>\n\t\t\t\t<div class=\"elementor-element elementor-element-01504a3 elementor-shape-rounded elementor-grid-0 e-grid-align-center elementor-widget elementor-widget-social-icons\" data-id=\"01504a3\" data-element_type=\"widget\" data-widget_type=\"social-icons.default\">\n\t\t\t\t<div class=\"elementor-widget-container\">\n\t\t\t\t\t\t\t<div class=\"elementor-social-icons-wrapper elementor-grid\">\n\t\t\t\t\t\t\t<span class=\"elementor-grid-item\">\n\t\t\t\t\t<a class=\"elementor-icon elementor-social-icon elementor-social-icon-facebook elementor-repeater-item-f12497b\" href=\"https:\/\/www.facebook.com\/profile.php?id=100083397527620\" target=\"_blank\">\n\t\t\t\t\t\t<span class=\"elementor-screen-only\">Facebook<\/span>\n\t\t\t\t\t\t<i class=\"fab fa-facebook\"><\/i>\t\t\t\t\t<\/a>\n\t\t\t\t<\/span>\n\t\t\t\t\t<\/div>\n\t\t\t\t\t\t<\/div>\n\t\t\t\t<\/div>\n\t\t\t\t<div class=\"elementor-element elementor-element-17b88da elementor-widget elementor-widget-wp-widget-fbw_id\" data-id=\"17b88da\" data-element_type=\"widget\" data-widget_type=\"wp-widget-fbw_id.default\">\n\t\t\t\t<div class=\"elementor-widget-container\">\n\t\t\t\t\t<div class=\"fb_loader\" style=\"text-align: center !important;\"><img decoding=\"async\" src=\"https:\/\/kramforsmatstafett.se\/wp-content\/plugins\/facebook-pagelike-widget\/loader.gif\" alt=\"Facebook Pagelike Widget\" \/><\/div><div id=\"fb-root\"><\/div>\n        <div class=\"fb-page\" data-href=\"\" data-width=\"\" data-height=\"\" data-small-header=\"false\" data-adapt-container-width=\"false\" data-hide-cover=\"false\" data-show-facepile=\"false\" hide_cta=\"false\" data-tabs=\"timeline\" data-lazy=\"false\"><\/div>        <!-- A WordPress plugin developed by Milap Patel -->\n    \t\t\t\t<\/div>\n\t\t\t\t<\/div>\n\t\t\t\t\t<\/div>\n\t\t<\/div>\n\t\t\t\t\t<\/div>\n\t\t<\/section>\n\t\t\t\t<section class=\"elementor-section elementor-top-section elementor-element elementor-element-c3b83c8 elementor-section-boxed elementor-section-height-default elementor-section-height-default\" data-id=\"c3b83c8\" data-element_type=\"section\">\n\t\t\t\t\t\t<div class=\"elementor-container elementor-column-gap-default\">\n\t\t\t\t\t<div class=\"elementor-column elementor-col-100 elementor-top-column elementor-element elementor-element-1e20f1a\" data-id=\"1e20f1a\" data-element_type=\"column\">\n\t\t\t<div class=\"elementor-widget-wrap\">\n\t\t\t\t\t\t\t<\/div>\n\t\t<\/div>\n\t\t\t\t\t<\/div>\n\t\t<\/section>\n\t\t\t\t<\/div>\n\t\t","protected":false},"excerpt":{"rendered":"<p>16 Maj Sista anm\u00e4lningsdag: 3 Maj 400kr\/par Anm\u00e4l dig h\u00e4r! Skjuts till och fr\u00e5n efterfest g\u00e5r att ordna. Kontakta: Karl Hellstr\u00f6m 070-2895087 Mat, gemenskap och gl\u00e4dje &#8211; v\u00e4lkommen till Kramfors matstafett! Matstafetten \u00e4r ett arrangemang d\u00e4r du \u00e4ter f\u00f6rr\u00e4tt, varmr\u00e4tt och efterr\u00e4tt tillsammans med olika par som du kanske inte k\u00e4nner till p\u00e5 f\u00f6rhand. Det&#8230;<\/p>\n","protected":false},"author":1,"featured_media":0,"parent":0,"menu_order":0,"comment_status":"closed","ping_status":"closed","template":"elementor_header_footer","meta":{"footnotes":""},"class_list":["post-49","page","type-page","status-publish","hentry"],"_links":{"self":[{"href":"https:\/\/kramforsmatstafett.se\/index.php\/wp-json\/wp\/v2\/pages\/49","targetHints":{"allow":["GET"]}}],"collection":[{"href":"https:\/\/kramforsmatstafett.se\/index.php\/wp-json\/wp\/v2\/pages"}],"about":[{"href":"https:\/\/kramforsmatstafett.se\/index.php\/wp-json\/wp\/v2\/types\/page"}],"author":[{"embeddable":true,"href":"https:\/\/kramforsmatstafett.se\/index.php\/wp-json\/wp\/v2\/users\/1"}],"replies":[{"embeddable":true,"href":"https:\/\/kramforsmatstafett.se\/index.php\/wp-json\/wp\/v2\/comments?post=49"}],"version-history":[{"count":156,"href":"https:\/\/kramforsmatstafett.se\/index.php\/wp-json\/wp\/v2\/pages\/49\/revisions"}],"predecessor-version":[{"id":606,"href":"https:\/\/kramforsmatstafett.se\/index.php\/wp-json\/wp\/v2\/pages\/49\/revisions\/606"}],"wp:attachment":[{"href":"https:\/\/kramforsmatstafett.se\/index.php\/wp-json\/wp\/v2\/media?parent=49"}],"curies":[{"name":"wp","href":"https:\/\/api.w.org\/{rel}","templated":true}]}}